{"id":8834,"date":"2025-01-30T13:55:19","date_gmt":"2025-01-30T10:55:19","guid":{"rendered":"http:\/\/uxt.721.mytemp.website\/?page_id=8834"},"modified":"2025-02-26T11:27:52","modified_gmt":"2025-02-26T08:27:52","slug":"contact","status":"publish","type":"page","link":"https:\/\/www.alercephe.com\/en\/contact\/","title":{"rendered":"Contact"},"content":{"rendered":"<section class=\"l-section wpb_row height_custom\"><div class=\"l-section-h i-cf\"><div class=\"g-cols vc_row via_grid cols_1 laptops-cols_inherit tablets-cols_inherit mobiles-cols_1 valign_top type_default stacking_default\"><div class=\"wpb_column vc_column_container\"><div class=\"vc_column-inner\"><div class=\"g-cols wpb_row via_grid cols_2 laptops-cols_inherit tablets-cols_inherit mobiles-cols_1 valign_top type_default stacking_default\" style=\"--columns-gap:3rem;\"><div class=\"wpb_column vc_column_container\"><div class=\"vc_column-inner\"><div class=\"wpb_text_column us_custom_6b37c33f has_text_color\"><div class=\"wpb_wrapper\"><h2>Contact Us<\/h2>\n<\/div><\/div><div class=\"w-separator size_medium\"><\/div><div class=\"wpb_text_column\"><div class=\"wpb_wrapper\"><p>Are you looking for durable, aesthetic, and reliable aluminum exterior cladding solutions for your projects? At Aler Cephe, we are ready to provide the best service with our expert team and tailored solutions to meet your needs.<\/p>\n<p>Contact us to learn more about facade systems that will add value to your projects. We will get back to you as soon as possible and are happy to support you at every stage of the process.<\/p>\n<\/div><\/div><div class=\"w-separator size_small\"><\/div><div class=\"w-iconbox iconpos_left style_circle color_custom align_left\"><a target=\"_blank\" href=\"tel:+905324223261\" class=\"w-iconbox-link\" aria-label=\"Phone\"><div class=\"w-iconbox-icon\" style=\"font-size:22px;--icon-color:#ffffff;--icon-bg-color:var(--color-custom-3);\"><i class=\"far fa-phone\"><\/i><\/div><\/a><div class=\"w-iconbox-meta\"><h3 class=\"w-iconbox-title\" style=\"font-size:22px;\"><a target=\"_blank\" href=\"tel:+905324223261\" class=\"w-iconbox-link\" aria-label=\"Phone\">Phone<\/a><\/h3><div class=\"w-iconbox-text\"><p><span>+90 (532) 422 32 61<\/span><\/p>\n<\/div><\/div><\/div><div class=\"w-separator size_small\"><\/div><div class=\"w-iconbox iconpos_left style_circle color_custom align_left\"><a target=\"_blank\" href=\"https:\/\/api.whatsapp.com\/send?phone=905324223261\" class=\"w-iconbox-link\" aria-label=\"Whatsapp\"><div class=\"w-iconbox-icon\" style=\"font-size:22px;--icon-color:#ffffff;--icon-bg-color:var(--color-custom-3);\"><i class=\"fab fa-whatsapp\"><\/i><\/div><\/a><div class=\"w-iconbox-meta\"><h3 class=\"w-iconbox-title\" style=\"font-size:22px;\"><a target=\"_blank\" href=\"https:\/\/api.whatsapp.com\/send?phone=905324223261\" class=\"w-iconbox-link\" aria-label=\"Whatsapp\">Whatsapp<\/a><\/h3><div class=\"w-iconbox-text\"><p><span>+90 (532) 422 32 61<\/span><\/p>\n<\/div><\/div><\/div><div class=\"w-separator size_small\"><\/div><div class=\"w-iconbox iconpos_left style_circle color_custom align_left\"><a target=\"_blank\" href=\"mailto:info@alercephe.com\" class=\"w-iconbox-link\" aria-label=\"Email\"><div class=\"w-iconbox-icon\" style=\"font-size:22px;--icon-color:#ffffff;--icon-bg-color:var(--color-custom-3);\"><i class=\"far fa-envelope\"><\/i><\/div><\/a><div class=\"w-iconbox-meta\"><h3 class=\"w-iconbox-title\" style=\"font-size:22px;\"><a target=\"_blank\" href=\"mailto:info@alercephe.com\" class=\"w-iconbox-link\" aria-label=\"Email\">Email<\/a><\/h3><div class=\"w-iconbox-text\"><p>info@alercephe.com<\/p>\n<\/div><\/div><\/div><div class=\"w-separator size_small\"><\/div><div class=\"w-iconbox iconpos_left style_circle color_custom align_left\"><a target=\"_blank\" href=\"https:\/\/g.co\/kgs\/HEC9wRj\" class=\"w-iconbox-link\" aria-label=\"Adress\"><div class=\"w-iconbox-icon\" style=\"font-size:22px;--icon-color:#ffffff;--icon-bg-color:var(--color-custom-3);\"><i class=\"far fa-map-marker-check\"><\/i><\/div><\/a><div class=\"w-iconbox-meta\"><h3 class=\"w-iconbox-title\" style=\"font-size:22px;\"><a target=\"_blank\" href=\"https:\/\/g.co\/kgs\/HEC9wRj\" class=\"w-iconbox-link\" aria-label=\"Adress\">Adress<\/a><\/h3><div class=\"w-iconbox-text\"><p>\u0130nk\u0131lap Mah. Oru\u00e7bey Sok.<br \/>Tek Merve Plaza No: 2-8 \u0130\u00e7 Kap\u0131 No: 5<br \/>\u00dcmraniye\/\u0130STANBUL<\/p>\n<\/div><\/div><\/div><\/div><\/div><div class=\"wpb_column vc_column_container type_sticky\"><div class=\"vc_column-inner\"><form class=\"w-form  us-field-style_1 layout_ver for_cform us_form_1\" autocomplete=\"off\" action=\"https:\/\/www.alercephe.com\/en\/en\/wp-json\/wp\/v2\/pages\/8834\" method=\"post\"><div class=\"w-form-h\"><div class=\"w-form-row for_text required cols_2\">\r\n\t\t<div class=\"w-form-row-field\">\r\n\t\t\t\t\t\t<input aria-label=\"Name\" type=\"text\" name=\"us_form_1_text_1\" value placeholder=\"Name *\" data-required=\"true\" aria-required=\"true\"\/>\r\n\t\t\t<\/div>\r\n\t\t<div class=\"w-form-row-state\">Fill out this field<\/div>\r\n<\/div>\r\n<div class=\"w-form-row for_text required cols_2\">\r\n\t\t<div class=\"w-form-row-field\">\r\n\t\t\t\t\t\t<input aria-label=\"Surname\" type=\"text\" name=\"us_form_1_text_2\" value placeholder=\"Surname *\" data-required=\"true\" aria-required=\"true\"\/>\r\n\t\t\t<\/div>\r\n\t\t<div class=\"w-form-row-state\">Fill out this field<\/div>\r\n<\/div>\r\n<div class=\"w-form-row for_email required cols_2\">\r\n\t\t<div class=\"w-form-row-field\">\r\n\t\t\t\t\t\t<input aria-label=\"Email\" type=\"email\" name=\"us_form_1_email_1\" value placeholder=\"Email *\" data-required=\"true\" aria-required=\"true\"\/>\r\n\t\t\t<\/div>\r\n\t\t<div class=\"w-form-row-state\">Please enter a valid email address.<\/div>\r\n<\/div>\r\n<div class=\"w-form-row for_text cols_2\">\r\n\t\t<div class=\"w-form-row-field\">\r\n\t\t\t\t\t\t<input aria-label=\"Phone\" inputmode=\"tel\" type=\"text\" name=\"us_form_1_text_3\" value placeholder=\"Phone\"\/>\r\n\t\t\t<\/div>\r\n\t\t<div class=\"w-form-row-state\">Fill out this field<\/div>\r\n<\/div>\r\n<div class=\"w-form-row for_textarea\">\r\n\t\t<div class=\"w-form-row-field\">\r\n\t\t\t\t\t\t<textarea aria-label=\"         Message\" name=\"us_form_1_textarea_1\" placeholder=\"         Message\"><\/textarea>\r\n\t\t\t<\/div>\r\n\t\t<div class=\"w-form-row-state\">Fill out this field<\/div>\r\n<\/div>\r\n<div class=\"w-form-row for_captcha required\">\r\n\t<div class=\"w-form-row-label\">\r\n\t\t<span> <span>23 - 11 = ?<\/span><\/span>\r\n\t<\/div>\r\n\t<div class=\"w-form-row-field\">\r\n\t\t\t\t<input type=\"hidden\" name=\"us_form_1_captcha_1_hash\" value=\"1e0eee8a57ab973da53b625f1866f04b\" \/>\r\n\t\t\t\t<input aria-label=\"us_form_1_captcha_1\" type=\"text\" name=\"us_form_1_captcha_1\" placeholder data-required=\"true\" aria-required=\"true\"\/>\r\n\t\t\t<\/div>\r\n\t\t<div class=\"w-form-row-state\">Enter the equation result to proceed<\/div>\r\n<\/div>\r\n<input type=\"hidden\" name=\"action\" value=\"us_ajax_cform\" \/>\r\n<input type=\"hidden\" name=\"post_id\" value=\"8882\" \/>\r\n<input type=\"hidden\" name=\"form_index\" value=\"1\" \/>\r\n<div class=\"w-form-row for_submit align_none\">\r\n\t<button class=\"w-btn  us-btn-style_1\" aria-label=\"Senden\" type=\"submit\">\r\n\t\t<span class=\"g-preloader type_1\"><\/span>\r\n\t\t\t\t<span class=\"w-btn-label\">Senden<\/span>\r\n\t\t\t<\/button>\r\n\t<\/div>\r\n<\/div><div class=\"w-form-message\"><\/div><div class=\"w-form-json hidden\" onclick='return {&quot;ajaxurl&quot;:&quot;https:\\\/\\\/www.alercephe.com\\\/en\\\/wp-admin\\\/admin-ajax.php&quot;,&quot;messages&quot;:{&quot;err_empty&quot;:&quot;Fill out this field&quot;,&quot;err_size&quot;:&quot;File size cannot exceed %s MB&quot;,&quot;err_extension&quot;:&quot;%s file type is not allowed&quot;,&quot;err_recaptcha_keys&quot;:&quot;reCAPTCHA keys are incorrect&quot;}}'><\/div><\/form>\n<\/div><\/div><\/div><\/div><\/div><\/div><\/div><\/section><section class=\"l-section wpb_row height_auto width_full\"><div class=\"l-section-h i-cf\"><div class=\"g-cols vc_row via_grid cols_1 laptops-cols_inherit tablets-cols_inherit mobiles-cols_1 valign_top type_default stacking_default\"><div class=\"wpb_column vc_column_container\"><div class=\"vc_column-inner\"><div class=\"wpb_text_column\"><div class=\"wpb_wrapper\"><p><iframe loading=\"lazy\" style=\"border: 0;\" src=\"https:\/\/www.google.com\/maps\/embed?pb=!1m14!1m8!1m3!1d6019.406207498167!2d29.108046000000005!3d41.031751!3m2!1i1024!2i768!4f13.1!3m3!1m2!1s0x14cac73c357e5a0f%3A0x64bdc4c640957d31!2sAler%20Yap%C4%B1%20Cephe%20Sistemleri!5e0!3m2!1str!2sus!4v1739358621363!5m2!1str!2sus\" width=\"100%\" height=\"650\" allowfullscreen=\"allowfullscreen\"><\/iframe><\/p>\n<\/div><\/div><\/div><\/div><\/div><\/div><\/section>\n","protected":false},"excerpt":{"rendered":"Contact Us Are you looking for durable, aesthetic, and reliable aluminum exterior cladding solutions for your projects? At Aler Cephe, we are ready to provide the best service with our expert team and tailored solutions to meet your needs. Contact us to learn more about facade systems that will add value to your projects. We...","protected":false},"author":1,"featured_media":0,"parent":0,"menu_order":0,"comment_status":"closed","ping_status":"closed","template":"","meta":{"_acf_changed":false,"footnotes":""},"sayfa-turu":[],"class_list":["post-8834","page","type-page","status-publish","hentry"],"acf":[],"yoast_head":"<!-- This site is optimized with the Yoast SEO plugin v25.1 - https:\/\/yoast.com\/wordpress\/plugins\/seo\/ -->\n<title>Contact | Aler Cephe<\/title>\n<meta name=\"robots\" content=\"index, follow, max-snippet:-1, max-image-preview:large, max-video-preview:-1\" \/>\n<link rel=\"canonical\" href=\"https:\/\/www.alercephe.com\/en\/contact\/\" \/>\n<meta property=\"og:locale\" content=\"en_US\" \/>\n<meta property=\"og:type\" content=\"article\" \/>\n<meta property=\"og:title\" content=\"Contact | Aler Cephe\" \/>\n<meta property=\"og:url\" content=\"https:\/\/www.alercephe.com\/en\/contact\/\" \/>\n<meta property=\"og:site_name\" content=\"Aler Cephe\" \/>\n<meta property=\"article:modified_time\" content=\"2025-02-26T08:27:52+00:00\" \/>\n<meta property=\"og:image\" content=\"https:\/\/www.alercephe.com\/en\/wp-content\/uploads\/2025\/02\/AlerCephe-1200-675.webp\" \/>\n\t<meta property=\"og:image:width\" content=\"1200\" \/>\n\t<meta property=\"og:image:height\" content=\"675\" \/>\n\t<meta property=\"og:image:type\" content=\"image\/webp\" \/>\n<meta name=\"twitter:card\" content=\"summary_large_image\" \/>\n<meta name=\"twitter:label1\" content=\"Est. reading time\" \/>\n\t<meta name=\"twitter:data1\" content=\"2 minutes\" \/>\n<script type=\"application\/ld+json\" class=\"yoast-schema-graph\">{\"@context\":\"https:\/\/schema.org\",\"@graph\":[{\"@type\":\"WebPage\",\"@id\":\"https:\/\/www.alercephe.com\/en\/contact\/\",\"url\":\"https:\/\/www.alercephe.com\/en\/contact\/\",\"name\":\"Contact | Aler Cephe\",\"isPartOf\":{\"@id\":\"https:\/\/www.alercephe.com\/en\/#website\"},\"datePublished\":\"2025-01-30T10:55:19+00:00\",\"dateModified\":\"2025-02-26T08:27:52+00:00\",\"breadcrumb\":{\"@id\":\"https:\/\/www.alercephe.com\/en\/contact\/#breadcrumb\"},\"inLanguage\":\"en-US\",\"potentialAction\":[{\"@type\":\"ReadAction\",\"target\":[\"https:\/\/www.alercephe.com\/en\/contact\/\"]}]},{\"@type\":\"BreadcrumbList\",\"@id\":\"https:\/\/www.alercephe.com\/en\/contact\/#breadcrumb\",\"itemListElement\":[{\"@type\":\"ListItem\",\"position\":1,\"name\":\"Anasayfa\",\"item\":\"https:\/\/www.alercephe.com\/en\/\"},{\"@type\":\"ListItem\",\"position\":2,\"name\":\"Contact\"}]},{\"@type\":\"WebSite\",\"@id\":\"https:\/\/www.alercephe.com\/en\/#website\",\"url\":\"https:\/\/www.alercephe.com\/en\/\",\"name\":\"Aler Facade Exterior Wall Cladding Systems\",\"description\":\"Exterior Cladding Systems\",\"publisher\":{\"@id\":\"https:\/\/www.alercephe.com\/en\/#organization\"},\"alternateName\":\"Aler Facade Systems\",\"potentialAction\":[{\"@type\":\"SearchAction\",\"target\":{\"@type\":\"EntryPoint\",\"urlTemplate\":\"https:\/\/www.alercephe.com\/en\/?s={search_term_string}\"},\"query-input\":{\"@type\":\"PropertyValueSpecification\",\"valueRequired\":true,\"valueName\":\"search_term_string\"}}],\"inLanguage\":\"en-US\"},{\"@type\":\"Organization\",\"@id\":\"https:\/\/www.alercephe.com\/en\/#organization\",\"name\":\"Aler Facade Exterior Wall Cladding Systems\",\"url\":\"https:\/\/www.alercephe.com\/en\/\",\"logo\":{\"@type\":\"ImageObject\",\"inLanguage\":\"en-US\",\"@id\":\"https:\/\/www.alercephe.com\/en\/#\/schema\/logo\/image\/\",\"url\":\"https:\/\/www.alercephe.com\/en\/wp-content\/uploads\/2025\/01\/Aler-Cephe-Logo.webp\",\"contentUrl\":\"https:\/\/www.alercephe.com\/en\/wp-content\/uploads\/2025\/01\/Aler-Cephe-Logo.webp\",\"width\":1872,\"height\":1681,\"caption\":\"Aler Facade Exterior Wall Cladding Systems\"},\"image\":{\"@id\":\"https:\/\/www.alercephe.com\/en\/#\/schema\/logo\/image\/\"},\"sameAs\":[\"https:\/\/www.linkedin.com\/company\/aler-cephe\/\",\"https:\/\/www.instagram.com\/alercephe\/\"]}]}<\/script>\n<!-- \/ Yoast SEO plugin. -->","yoast_head_json":{"title":"Contact | Aler Cephe","robots":{"index":"index","follow":"follow","max-snippet":"max-snippet:-1","max-image-preview":"max-image-preview:large","max-video-preview":"max-video-preview:-1"},"canonical":"https:\/\/www.alercephe.com\/en\/contact\/","og_locale":"en_US","og_type":"article","og_title":"Contact | Aler Cephe","og_url":"https:\/\/www.alercephe.com\/en\/contact\/","og_site_name":"Aler Cephe","article_modified_time":"2025-02-26T08:27:52+00:00","og_image":[{"width":1200,"height":675,"url":"https:\/\/www.alercephe.com\/en\/wp-content\/uploads\/2025\/02\/AlerCephe-1200-675.webp","type":"image\/webp"}],"twitter_card":"summary_large_image","twitter_misc":{"Est. reading time":"2 minutes"},"schema":{"@context":"https:\/\/schema.org","@graph":[{"@type":"WebPage","@id":"https:\/\/www.alercephe.com\/en\/contact\/","url":"https:\/\/www.alercephe.com\/en\/contact\/","name":"Contact | Aler Cephe","isPartOf":{"@id":"https:\/\/www.alercephe.com\/en\/#website"},"datePublished":"2025-01-30T10:55:19+00:00","dateModified":"2025-02-26T08:27:52+00:00","breadcrumb":{"@id":"https:\/\/www.alercephe.com\/en\/contact\/#breadcrumb"},"inLanguage":"en-US","potentialAction":[{"@type":"ReadAction","target":["https:\/\/www.alercephe.com\/en\/contact\/"]}]},{"@type":"BreadcrumbList","@id":"https:\/\/www.alercephe.com\/en\/contact\/#breadcrumb","itemListElement":[{"@type":"ListItem","position":1,"name":"Anasayfa","item":"https:\/\/www.alercephe.com\/en\/"},{"@type":"ListItem","position":2,"name":"Contact"}]},{"@type":"WebSite","@id":"https:\/\/www.alercephe.com\/en\/#website","url":"https:\/\/www.alercephe.com\/en\/","name":"Aler Facade Exterior Wall Cladding Systems","description":"Exterior Cladding Systems","publisher":{"@id":"https:\/\/www.alercephe.com\/en\/#organization"},"alternateName":"Aler Facade Systems","potentialAction":[{"@type":"SearchAction","target":{"@type":"EntryPoint","urlTemplate":"https:\/\/www.alercephe.com\/en\/?s={search_term_string}"},"query-input":{"@type":"PropertyValueSpecification","valueRequired":true,"valueName":"search_term_string"}}],"inLanguage":"en-US"},{"@type":"Organization","@id":"https:\/\/www.alercephe.com\/en\/#organization","name":"Aler Facade Exterior Wall Cladding Systems","url":"https:\/\/www.alercephe.com\/en\/","logo":{"@type":"ImageObject","inLanguage":"en-US","@id":"https:\/\/www.alercephe.com\/en\/#\/schema\/logo\/image\/","url":"https:\/\/www.alercephe.com\/en\/wp-content\/uploads\/2025\/01\/Aler-Cephe-Logo.webp","contentUrl":"https:\/\/www.alercephe.com\/en\/wp-content\/uploads\/2025\/01\/Aler-Cephe-Logo.webp","width":1872,"height":1681,"caption":"Aler Facade Exterior Wall Cladding Systems"},"image":{"@id":"https:\/\/www.alercephe.com\/en\/#\/schema\/logo\/image\/"},"sameAs":["https:\/\/www.linkedin.com\/company\/aler-cephe\/","https:\/\/www.instagram.com\/alercephe\/"]}]}},"_links":{"self":[{"href":"https:\/\/www.alercephe.com\/en\/wp-json\/wp\/v2\/pages\/8834","targetHints":{"allow":["GET"]}}],"collection":[{"href":"https:\/\/www.alercephe.com\/en\/wp-json\/wp\/v2\/pages"}],"about":[{"href":"https:\/\/www.alercephe.com\/en\/wp-json\/wp\/v2\/types\/page"}],"author":[{"embeddable":true,"href":"https:\/\/www.alercephe.com\/en\/wp-json\/wp\/v2\/users\/1"}],"replies":[{"embeddable":true,"href":"https:\/\/www.alercephe.com\/en\/wp-json\/wp\/v2\/comments?post=8834"}],"version-history":[{"count":4,"href":"https:\/\/www.alercephe.com\/en\/wp-json\/wp\/v2\/pages\/8834\/revisions"}],"predecessor-version":[{"id":9530,"href":"https:\/\/www.alercephe.com\/en\/wp-json\/wp\/v2\/pages\/8834\/revisions\/9530"}],"wp:attachment":[{"href":"https:\/\/www.alercephe.com\/en\/wp-json\/wp\/v2\/media?parent=8834"}],"wp:term":[{"taxonomy":"sayfa-turu","embeddable":true,"href":"https:\/\/www.alercephe.com\/en\/wp-json\/wp\/v2\/sayfa-turu?post=8834"}],"curies":[{"name":"wp","href":"https:\/\/api.w.org\/{rel}","templated":true}]}}